{"id":18166,"date":"2023-04-12T08:59:09","date_gmt":"2023-04-12T08:59:09","guid":{"rendered":"https:\/\/soloconcierge.vip\/contacts\/"},"modified":"2026-04-15T17:44:03","modified_gmt":"2026-04-15T17:44:03","slug":"contacts","status":"publish","type":"page","link":"https:\/\/soloconcierge.vip\/de\/contacts\/","title":{"rendered":"Kontakte"},"content":{"rendered":"\t\t<div data-elementor-type=\"wp-page\" data-elementor-id=\"18166\" class=\"elementor elementor-18166 elementor-512\" data-elementor-post-type=\"page\">\n\t\t\t\t        <section class=\"elementor-section elementor-top-section elementor-element elementor-element-e5d5d77 pxl-section-has-bg f2-pri elementor-section-boxed elementor-section-height-default elementor-section-height-default pxl-row-scroll-none pxl-show-grid-none pxl-section-bg-none pxl-section-grid-bg-false\" data-id=\"e5d5d77\" data-element_type=\"section\" id=\"pxl-getcolor-header\">\n\n                \n                <div class=\"elementor-container elementor-column-gap-default \">\n                <div class=\"elementor-column elementor-col-50 elementor-top-column elementor-element elementor-element-9516fc3 pxl-column-none\" data-id=\"9516fc3\" data-element_type=\"column\">\r\n        <div class=\"elementor-widget-wrap elementor-element-populated\">\r\n                     \r\n        \t\t<div class=\"elementor-element elementor-element-89fe72c elementor-widget elementor-widget-google_maps\" data-id=\"89fe72c\" data-element_type=\"widget\" data-widget_type=\"google_maps.default\">\n\t\t\t\t<div class=\"elementor-widget-container\">\n\t\t\t\t\t\t\t<div class=\"elementor-custom-embed\">\n\t\t\t<iframe loading=\"lazy\"\n\t\t\t\t\tsrc=\"https:\/\/www.google.com\/maps\/embed\/v1\/place?key=AIzaSyAUKfvFRpL8L2obt2MLohH1tjmgD5V6Zk0&#038;q=109%20rue%20d%E2%80%99Antibes%2C%2006400%20Cannes%2C%20France&#038;zoom=15\"\n\t\t\t\t\ttitle=\"109 rue d\u2019Antibes, 06400 Cannes, France\"\n\t\t\t\t\taria-label=\"109 rue d\u2019Antibes, 06400 Cannes, France\"\n\t\t\t><\/iframe>\n\t\t<\/div>\n\t\t\t\t\t\t<\/div>\n\t\t\t\t<\/div>\n\t\t            <\/div>\r\n        <\/div>\r\n                <div class=\"elementor-column elementor-col-50 elementor-top-column elementor-element elementor-element-70228d5 pxl-column-none\" data-id=\"70228d5\" data-element_type=\"column\">\r\n        <div class=\"elementor-widget-wrap elementor-element-populated\">\r\n                     \r\n        \t\t<div class=\"elementor-element elementor-element-5b986ba elementor-widget__width-initial elementor-widget elementor-widget-pxl_heading\" data-id=\"5b986ba\" data-element_type=\"widget\" data-widget_type=\"pxl_heading.default\">\n\t\t\t\t<div class=\"elementor-widget-container\">\n\t\t\t\t\t<div class=\"pxl-heading  \">\n\t<div class=\"pxl-heading--inner \">\n\t\t\t\t<h2 class=\"pxl-item--title style1 divider-none   \" data-wow-delay=\"ms\" data-wow-duration=\"1.2s\">\n\t\t\tKontaktieren Sie uns\t\t\t\t\t<\/h2>\n\t<\/div>\n<\/div>\n\t\t\t\t<\/div>\n\t\t\t\t<\/div>\n\t\t\t\t<div class=\"elementor-element elementor-element-87bf93d elementor-widget__width-initial elementor-widget elementor-widget-text-editor\" data-id=\"87bf93d\" data-element_type=\"widget\" data-widget_type=\"text-editor.default\">\n\t\t\t\t<div class=\"elementor-widget-container\">\n\t\t\t\t\t\t\t\t\t<p><span style=\"font-weight: 400;\">Wir sind rund um die Uhr f\u00fcr Sie da und bereit, Ihnen bei jedem Anliegen zu helfen. Ihre Zufriedenheit ist unsere Priorit\u00e4t und wir setzen alles daran, jedes Problem f\u00fcr Sie zu l\u00f6sen.<\/span><\/p>\t\t\t\t\t\t\t\t<\/div>\n\t\t\t\t<\/div>\n\t\t\t\t<div class=\"elementor-element elementor-element-7129c09 elementor-widget elementor-widget-pxl_text_editor\" data-id=\"7129c09\" data-element_type=\"widget\" data-widget_type=\"pxl_text_editor.default\">\n\t\t\t\t<div class=\"elementor-widget-container\">\n\t\t\t\t\t<div class=\"pxl-text-editor \" data-wow-delay=\"ms\" data-wow-duration=\"1.2s\">\n\t<div class=\"pxl-item--inner    \">\n\t\t<p>E-Mail-Adresse<\/p>\t<\/div>\n<\/div>\n\t\t\t\t<\/div>\n\t\t\t\t<\/div>\n\t\t\t\t<div class=\"elementor-element elementor-element-cc173ce elementor-icon-list--layout-traditional elementor-list-item-link-full_width elementor-widget elementor-widget-icon-list\" data-id=\"cc173ce\" data-element_type=\"widget\" data-widget_type=\"icon-list.default\">\n\t\t\t\t<div class=\"elementor-widget-container\">\n\t\t\t\t\t\t\t<ul class=\"elementor-icon-list-items\">\n\t\t\t\t\t\t\t<li class=\"elementor-icon-list-item\">\n\t\t\t\t\t\t\t\t\t\t\t<a href=\"mailto:info@soloconcierge.vip\">\n\n\t\t\t\t\t\t\t\t\t\t\t\t<span class=\"elementor-icon-list-icon\">\n\t\t\t\t\t\t\t<i aria-hidden=\"true\" class=\"bootstrap-icons bi-envelope\"><\/i>\t\t\t\t\t\t<\/span>\n\t\t\t\t\t\t\t\t\t\t<span class=\"elementor-icon-list-text\">info@soloconcierge.vip<\/span>\n\t\t\t\t\t\t\t\t\t\t\t<\/a>\n\t\t\t\t\t\t\t\t\t<\/li>\n\t\t\t\t\t\t<\/ul>\n\t\t\t\t\t\t<\/div>\n\t\t\t\t<\/div>\n\t\t\t\t<div class=\"elementor-element elementor-element-6f138d4 elementor-widget elementor-widget-pxl_text_editor\" data-id=\"6f138d4\" data-element_type=\"widget\" data-widget_type=\"pxl_text_editor.default\">\n\t\t\t\t<div class=\"elementor-widget-container\">\n\t\t\t\t\t<div class=\"pxl-text-editor \" data-wow-delay=\"ms\" data-wow-duration=\"1.2s\">\n\t<div class=\"pxl-item--inner    \">\n\t\t<p>Telefonnummer<\/p>\t<\/div>\n<\/div>\n\t\t\t\t<\/div>\n\t\t\t\t<\/div>\n\t\t\t\t<div class=\"elementor-element elementor-element-3b2714c elementor-icon-list--layout-traditional elementor-list-item-link-full_width elementor-widget elementor-widget-icon-list\" data-id=\"3b2714c\" data-element_type=\"widget\" data-widget_type=\"icon-list.default\">\n\t\t\t\t<div class=\"elementor-widget-container\">\n\t\t\t\t\t\t\t<ul class=\"elementor-icon-list-items\">\n\t\t\t\t\t\t\t<li class=\"elementor-icon-list-item\">\n\t\t\t\t\t\t\t\t\t\t\t<a href=\"tel:+33672891774\">\n\n\t\t\t\t\t\t\t\t\t\t\t\t<span class=\"elementor-icon-list-icon\">\n\t\t\t\t\t\t\t<i aria-hidden=\"true\" class=\"bootstrap-icons bi-telephone\"><\/i>\t\t\t\t\t\t<\/span>\n\t\t\t\t\t\t\t\t\t\t<span class=\"elementor-icon-list-text\">+33672891774<\/span>\n\t\t\t\t\t\t\t\t\t\t\t<\/a>\n\t\t\t\t\t\t\t\t\t<\/li>\n\t\t\t\t\t\t<\/ul>\n\t\t\t\t\t\t<\/div>\n\t\t\t\t<\/div>\n\t\t\t\t<div class=\"elementor-element elementor-element-cd27ac4 elementor-widget elementor-widget-pxl_contact_info\" data-id=\"cd27ac4\" data-element_type=\"widget\" data-widget_type=\"pxl_contact_info.default\">\n\t\t\t\t<div class=\"elementor-widget-container\">\n\t\t\t\t\t<div class=\"pxl-contact-info pxl-contact-info1 wow skewInUp\" data-wow-delay=\"200ms\" data-wow-duration=\"1.2s\">\r\n    <div class=\"pxl-item--inner\">\r\n                            <span class=\"pxl-item--title\">B\u00fcroanschrift<\/span>\r\n                            <div class=\"pxl-item--description\">\r\n                 <a href=\"https:\/\/maps.app.goo.gl\/eBuAtY4AzF5NY4188?g_st=ipc\">                     109 rue d\u2019Antibes, 06400 Cannes, Frankreich\ufeff                 <\/a>             <\/div>\r\n            <\/div>\r\n<\/div>\t\t\t\t<\/div>\n\t\t\t\t<\/div>\n\t\t\t\t<div class=\"elementor-element elementor-element-7b2d427 elementor-shape-circle e-grid-align-left elementor-grid-0 elementor-widget elementor-widget-social-icons\" data-id=\"7b2d427\" data-element_type=\"widget\" data-widget_type=\"social-icons.default\">\n\t\t\t\t<div class=\"elementor-widget-container\">\n\t\t\t\t\t\t\t<div class=\"elementor-social-icons-wrapper elementor-grid\" role=\"list\">\n\t\t\t\t\t\t\t<span class=\"elementor-grid-item\" role=\"listitem\">\n\t\t\t\t\t<a class=\"elementor-icon elementor-social-icon elementor-social-icon-facebook elementor-repeater-item-d7de203\" href=\"https:\/\/www.facebook.com\/profile.php?id=61560466460806\" target=\"_blank\">\n\t\t\t\t\t\t<span class=\"elementor-screen-only\">Facebook<\/span>\n\t\t\t\t\t\t<i aria-hidden=\"true\" class=\"fab fa-facebook\"><\/i>\t\t\t\t\t<\/a>\n\t\t\t\t<\/span>\n\t\t\t\t\t\t\t<span class=\"elementor-grid-item\" role=\"listitem\">\n\t\t\t\t\t<a class=\"elementor-icon elementor-social-icon elementor-social-icon-instagram elementor-repeater-item-798bdae\" href=\"https:\/\/www.instagram.com\/solo.concierge\" target=\"_blank\">\n\t\t\t\t\t\t<span class=\"elementor-screen-only\">Instagram<\/span>\n\t\t\t\t\t\t<i aria-hidden=\"true\" class=\"fab fa-instagram\"><\/i>\t\t\t\t\t<\/a>\n\t\t\t\t<\/span>\n\t\t\t\t\t\t\t<span class=\"elementor-grid-item\" role=\"listitem\">\n\t\t\t\t\t<a class=\"elementor-icon elementor-social-icon elementor-social-icon-linkedin elementor-repeater-item-baaf3db\" href=\"https:\/\/www.linkedin.com\/in\/solo-concierge-441b36337\/\" target=\"_blank\">\n\t\t\t\t\t\t<span class=\"elementor-screen-only\">Linkedin<\/span>\n\t\t\t\t\t\t<i aria-hidden=\"true\" class=\"fab fa-linkedin\"><\/i>\t\t\t\t\t<\/a>\n\t\t\t\t<\/span>\n\t\t\t\t\t<\/div>\n\t\t\t\t\t\t<\/div>\n\t\t\t\t<\/div>\n\t\t            <\/div>\r\n        <\/div>\r\n        \t\t\t<\/div>\n\t\t<\/section>\n\t\t\t\t<\/div>\n\t\t","protected":false},"excerpt":{"rendered":"<p>Kontaktieren Sie uns Wir sind rund um die Uhr f\u00fcr Sie da und bereit, Ihnen bei jedem Anliegen zu helfen. Ihre Zufriedenheit ist unsere Priorit\u00e4t und wir setzen alles daran, jedes Problem f\u00fcr Sie zu l\u00f6sen. E-Mail-Adresse info@soloconcierge.vip Telefonnummer +33672891774 B\u00fcroanschrift 109 rue d\u2019Antibes, 06400 Cannes, Frankreich\ufeff Facebook Instagram Linkedin<\/p>\n","protected":false},"author":1,"featured_media":0,"parent":0,"menu_order":0,"comment_status":"closed","ping_status":"closed","template":"","meta":{"inline_featured_image":false,"footnotes":""},"class_list":["post-18166","page","type-page","status-publish","hentry"],"yoast_head":"<!-- This site is optimized with the Yoast SEO Premium plugin v23.1 (Yoast SEO v23.1) - https:\/\/yoast.com\/wordpress\/plugins\/seo\/ -->\n<title>Contacts Solo Concierge - Exclusive Concierge Services<\/title>\n<meta name=\"description\" content=\"Contacts of Solo Concierge - we provide personalized concierge services for travel \u23e9 organizing VIP events \u23e9 personal shopping and many other needs. Attention to every detail.\" \/>\n<meta name=\"robots\" content=\"index, follow, max-snippet:-1, max-image-preview:large, max-video-preview:-1\" \/>\n<link rel=\"canonical\" href=\"https:\/\/soloconcierge.vip\/de\/contacts\/\" \/>\n<meta property=\"og:locale\" content=\"de_DE\" \/>\n<meta property=\"og:type\" content=\"article\" \/>\n<meta property=\"og:title\" content=\"Kontakte\" \/>\n<meta property=\"og:description\" content=\"Contacts of Solo Concierge - we provide personalized concierge services for travel \u23e9 organizing VIP events \u23e9 personal shopping and many other needs. Attention to every detail.\" \/>\n<meta property=\"og:url\" content=\"https:\/\/soloconcierge.vip\/de\/contacts\/\" \/>\n<meta property=\"og:site_name\" content=\"Soloconcierge | concierge\" \/>\n<meta property=\"article:modified_time\" content=\"2026-04-15T17:44:03+00:00\" \/>\n<meta name=\"twitter:card\" content=\"summary_large_image\" \/>\n<meta name=\"twitter:label1\" content=\"Gesch\u00e4tzte Lesezeit\" \/>\n\t<meta name=\"twitter:data1\" content=\"1\u00a0Minute\" \/>\n<script type=\"application\/ld+json\" class=\"yoast-schema-graph\">{\"@context\":\"https:\/\/schema.org\",\"@graph\":[{\"@type\":\"WebPage\",\"@id\":\"https:\/\/soloconcierge.vip\/de\/contacts\/\",\"url\":\"https:\/\/soloconcierge.vip\/de\/contacts\/\",\"name\":\"Contacts Solo Concierge - Exclusive Concierge Services\",\"isPartOf\":{\"@id\":\"https:\/\/soloconcierge.vip\/de\/#website\"},\"datePublished\":\"2023-04-12T08:59:09+00:00\",\"dateModified\":\"2026-04-15T17:44:03+00:00\",\"description\":\"Contacts of Solo Concierge - we provide personalized concierge services for travel \u23e9 organizing VIP events \u23e9 personal shopping and many other needs. Attention to every detail.\",\"breadcrumb\":{\"@id\":\"https:\/\/soloconcierge.vip\/de\/contacts\/#breadcrumb\"},\"inLanguage\":\"de\",\"potentialAction\":[{\"@type\":\"ReadAction\",\"target\":[\"https:\/\/soloconcierge.vip\/de\/contacts\/\"]}]},{\"@type\":\"BreadcrumbList\",\"@id\":\"https:\/\/soloconcierge.vip\/de\/contacts\/#breadcrumb\",\"itemListElement\":[{\"@type\":\"ListItem\",\"position\":1,\"name\":\"Home\",\"item\":\"https:\/\/soloconcierge.vip\/de\/\"},{\"@type\":\"ListItem\",\"position\":2,\"name\":\"Kontakte\"}]},{\"@type\":\"WebSite\",\"@id\":\"https:\/\/soloconcierge.vip\/de\/#website\",\"url\":\"https:\/\/soloconcierge.vip\/de\/\",\"name\":\"Soloconcierge | concierge\",\"description\":\"Experience luxury living with SOLOCONCIERGE.VIP Premier concierge services for your luxurious getaway: hotel reservations, yacht and private jet rentals, and business services. Organizing unique events and parties. Contact us for an unforgettable experience\",\"potentialAction\":[{\"@type\":\"SearchAction\",\"target\":{\"@type\":\"EntryPoint\",\"urlTemplate\":\"https:\/\/soloconcierge.vip\/de\/?s={search_term_string}\"},\"query-input\":\"required name=search_term_string\"}],\"inLanguage\":\"de\"}]}<\/script>\n<!-- \/ Yoast SEO Premium plugin. -->","yoast_head_json":{"title":"Contacts Solo Concierge - Exclusive Concierge Services","description":"Contacts of Solo Concierge - we provide personalized concierge services for travel \u23e9 organizing VIP events \u23e9 personal shopping and many other needs. Attention to every detail.","robots":{"index":"index","follow":"follow","max-snippet":"max-snippet:-1","max-image-preview":"max-image-preview:large","max-video-preview":"max-video-preview:-1"},"canonical":"https:\/\/soloconcierge.vip\/de\/contacts\/","og_locale":"de_DE","og_type":"article","og_title":"Kontakte","og_description":"Contacts of Solo Concierge - we provide personalized concierge services for travel \u23e9 organizing VIP events \u23e9 personal shopping and many other needs. Attention to every detail.","og_url":"https:\/\/soloconcierge.vip\/de\/contacts\/","og_site_name":"Soloconcierge | concierge","article_modified_time":"2026-04-15T17:44:03+00:00","twitter_card":"summary_large_image","twitter_misc":{"Gesch\u00e4tzte Lesezeit":"1\u00a0Minute"},"schema":{"@context":"https:\/\/schema.org","@graph":[{"@type":"WebPage","@id":"https:\/\/soloconcierge.vip\/de\/contacts\/","url":"https:\/\/soloconcierge.vip\/de\/contacts\/","name":"Contacts Solo Concierge - Exclusive Concierge Services","isPartOf":{"@id":"https:\/\/soloconcierge.vip\/de\/#website"},"datePublished":"2023-04-12T08:59:09+00:00","dateModified":"2026-04-15T17:44:03+00:00","description":"Contacts of Solo Concierge - we provide personalized concierge services for travel \u23e9 organizing VIP events \u23e9 personal shopping and many other needs. Attention to every detail.","breadcrumb":{"@id":"https:\/\/soloconcierge.vip\/de\/contacts\/#breadcrumb"},"inLanguage":"de","potentialAction":[{"@type":"ReadAction","target":["https:\/\/soloconcierge.vip\/de\/contacts\/"]}]},{"@type":"BreadcrumbList","@id":"https:\/\/soloconcierge.vip\/de\/contacts\/#breadcrumb","itemListElement":[{"@type":"ListItem","position":1,"name":"Home","item":"https:\/\/soloconcierge.vip\/de\/"},{"@type":"ListItem","position":2,"name":"Kontakte"}]},{"@type":"WebSite","@id":"https:\/\/soloconcierge.vip\/de\/#website","url":"https:\/\/soloconcierge.vip\/de\/","name":"Soloconcierge | concierge","description":"Experience luxury living with SOLOCONCIERGE.VIP Premier concierge services for your luxurious getaway: hotel reservations, yacht and private jet rentals, and business services. Organizing unique events and parties. Contact us for an unforgettable experience","potentialAction":[{"@type":"SearchAction","target":{"@type":"EntryPoint","urlTemplate":"https:\/\/soloconcierge.vip\/de\/?s={search_term_string}"},"query-input":"required name=search_term_string"}],"inLanguage":"de"}]}},"_links":{"self":[{"href":"https:\/\/soloconcierge.vip\/de\/wp-json\/wp\/v2\/pages\/18166","targetHints":{"allow":["GET"]}}],"collection":[{"href":"https:\/\/soloconcierge.vip\/de\/wp-json\/wp\/v2\/pages"}],"about":[{"href":"https:\/\/soloconcierge.vip\/de\/wp-json\/wp\/v2\/types\/page"}],"author":[{"embeddable":true,"href":"https:\/\/soloconcierge.vip\/de\/wp-json\/wp\/v2\/users\/1"}],"replies":[{"embeddable":true,"href":"https:\/\/soloconcierge.vip\/de\/wp-json\/wp\/v2\/comments?post=18166"}],"version-history":[{"count":16,"href":"https:\/\/soloconcierge.vip\/de\/wp-json\/wp\/v2\/pages\/18166\/revisions"}],"predecessor-version":[{"id":20104,"href":"https:\/\/soloconcierge.vip\/de\/wp-json\/wp\/v2\/pages\/18166\/revisions\/20104"}],"wp:attachment":[{"href":"https:\/\/soloconcierge.vip\/de\/wp-json\/wp\/v2\/media?parent=18166"}],"curies":[{"name":"wp","href":"https:\/\/api.w.org\/{rel}","templated":true}]}}